{"id":138,"date":"2020-06-02T22:15:03","date_gmt":"2020-06-02T22:15:03","guid":{"rendered":"http:\/\/personalidade.pt\/wp\/?page_id=138"},"modified":"2020-06-02T22:15:04","modified_gmt":"2020-06-02T22:15:04","slug":"politica-de-privacidade","status":"publish","type":"page","link":"https:\/\/personalidade.pt\/wp\/politica-de-privacidade\/","title":{"rendered":"POL\u00cdTICA DE PRIVACIDADE"},"content":{"rendered":"\n<div class=\"wp-block-group\"><div class=\"wp-block-group__inner-container is-layout-flow wp-block-group-is-layout-flow\">\n<div class=\"wp-block-group\"><div class=\"wp-block-group__inner-container is-layout-flow wp-block-group-is-layout-flow\">\n<p class=\"has-small-font-size\">A <strong><em>PERSONALIDADE &#8211; ATELIER GR\u00c1FICO, LDA.<\/em><\/strong> RESPEITA A SUA PRIVACIDADE. OS DADOS QUE FORNECER ENQUANTO UTILIZADOR DESTE SITE (<a href=\"http:\/\/www.personalidade.pt\" target=\"_blank\" rel=\"noreferrer noopener\">www.personalidade.pt<\/a>), EST\u00c3O PROTEGIDOS DE ACORDO COM A LEGISLA\u00c7\u00c3O DE PROTE\u00c7\u00c3O DE DADOS.<\/p>\n\n\n\n<p class=\"has-small-font-size\">Esta Pol\u00edtica de Privacidade destina-se a ajuda-lo a perceber quais os dados que recolhemos e para que finalidade os utilizamos.<\/p>\n\n\n\n<p class=\"has-small-font-size\">Ao aceder e utilizar este Site, seja para ler seu conte\u00fado ou aceder aos nossos servi\u00e7os, aceita e autoriza expressamente o processamento dos seus dados pessoais nos termos constantes desta Pol\u00edtica de Privacidade.<\/p>\n\n\n\n<p class=\"has-small-font-size\">A <strong><em>PERSONALIDADE &#8211; ATELIER GR\u00c1FICO, LDA.<\/em><\/strong> poder\u00e1, unilateralmente e a qualquer momento, alterar, modificar, aditar ou rectificar a presente Pol\u00edtica de Privacidade, sem necessidade de qualquer aviso pr\u00e9vio.<\/p>\n\n\n\n<p class=\"has-small-font-size\"><strong><em>I. M\u00c9TODO DE RECOLHA E TRATAMENTO DE INFORMA\u00c7\u00d5ES PESSOAIS<\/em><\/strong><br>&#8220;Informa\u00e7\u00f5es pessoais&#8221; s\u00e3o informa\u00e7\u00f5es que, isoladamente ou em combina\u00e7\u00e3o com outras informa\u00e7\u00f5es recolhidas, identificam um indiv\u00edduo. Quando combinamos outras informa\u00e7\u00f5es (ou seja, informa\u00e7\u00f5es que, por si s\u00f3, n\u00e3o identificam um indiv\u00edduo) com Informa\u00e7\u00f5es pessoais, a combina\u00e7\u00e3o resultante \u00e9 tratada como Informa\u00e7\u00f5es pessoais.<br>Ao efetuar um pedido de or\u00e7amento ou compra no website da nossa empresa, a mesma recolhe informa\u00e7\u00f5es pessoais suas, como o seu nome, n\u00famero de identifica\u00e7\u00e3o fiscal, morada, endere\u00e7o de e-mail e n\u00famero de telefone, com a finalidade de processar a encomenda e ultimar a compra.<br>A nossa empresa poder\u00e1 utilizar Informa\u00e7\u00f5es pessoais para comunicar consigo, incluindo comunicar consigo relativamente \u00e0 sua conta ou \u00e0s suas transa\u00e7\u00f5es efetuadas com a n\/ empresa, disponibilizando-lhe informa\u00e7\u00f5es importantes sobre os nossos produtos, enviando-lhe avisos sobre altera\u00e7\u00f5es \u00e0 presente Pol\u00edtica de privacidade e, desde que o cliente preste consentimento expresso, a nossa empresa pode enviar ofertas e promo\u00e7\u00f5es relativas aos nossos produtos.<br>A nossa empresa poder\u00e1 utilizar informa\u00e7\u00f5es pessoais para fins de estat\u00edstica interna ou operacionais, designadamente elabora\u00e7\u00e3o de relat\u00f3rios de vendas, medi\u00e7\u00e3o e compreens\u00e3o demogr\u00e1fica, interesse do utilizador, tend\u00eancias de compra e outras tend\u00eancias dos nossos clientes.<\/p>\n\n\n\n<p class=\"has-small-font-size\"><br><strong><em>II. Entidades terceiras com quem a nossa empresa poder\u00e1 partilhar Informa\u00e7\u00f5es pessoais<\/em><\/strong><br>A nossa empresa recorre a fornecedores de servi\u00e7os externos para nos auxiliarem a exercer determinadas atividades em nosso nome, tais como concluir compras e enviar produtos, processar pagamentos com cart\u00f5es de cr\u00e9dito, enviar e-mails, fornecer an\u00fancios, analisar a utiliza\u00e7\u00e3o do nosso website, acompanhar a efic\u00e1cia das nossas campanhas de marketing e permitir aos clientes que se liguem \u00e0s redes sociais. Poderemos partilhar Informa\u00e7\u00f5es pessoais a seu respeito com esses fornecedores de servi\u00e7os externos, na medida do necess\u00e1rio, com a finalidade \u00fanica de permitir que prestem servi\u00e7os em nosso nome.<\/p>\n\n\n\n<p class=\"has-small-font-size\"><br><strong><em>III. Outras divulga\u00e7\u00f5es<\/em><\/strong><br>Caso os clientes prestem consentimento expresso, nos termos da Lei, podem as Informa\u00e7\u00f5es Pessoais ser divulgadas a entidades externas.<br>Nos termos do Regulamento (UE) 2016\/679 do Parlamento Europeu e do Conselho, de 27 de abril de 2016, tamb\u00e9m poderemos divulgar as suas Informa\u00e7\u00f5es pessoais a entidades externas, na medida em que forem necess\u00e1rias ou adequadas: (a) ao abrigo da legisla\u00e7\u00e3o ou regulamentos aplic\u00e1veis; (b) para cumprir obriga\u00e7\u00f5es legais e ordens de autoridades judici\u00e1rias; (c) para responder a pedidos das autoridades p\u00fablicas e agentes da lei, incluindo autoridades fora do seu pa\u00eds de resid\u00eancia; (d) para proteger os direitos, a privacidade, a seguran\u00e7a e a propriedade da nossa empresa, do utilizador e de entidades externa.<br>Poderemos tamb\u00e9m transferir Informa\u00e7\u00f5es pessoais a entidades externas em caso de reorganiza\u00e7\u00e3o, fus\u00e3o, venda, transfer\u00eancia (no todo ou em parte) do estabelecimento, bens ou a\u00e7\u00f5es da nossa empresa.<br><\/p>\n\n\n\n<p class=\"has-small-font-size\"><strong><em>IV. Seguran\u00e7a<\/em><\/strong><br>A nossa empresa toma medidas de seguran\u00e7a razo\u00e1veis para ajudar \u00e0 prote\u00e7\u00e3o contra perdas, utiliza\u00e7\u00f5es incorretas, acessos n\u00e3o autorizados e divulga\u00e7\u00f5es e altera\u00e7\u00f5es n\u00e3o autorizadas \u00e0s Informa\u00e7\u00f5es pessoais que tem sob tratamento.<br><\/p>\n\n\n\n<p class=\"has-small-font-size\"><strong><em>V. Marketing<\/em><\/strong><br>Caso o cliente preste expresso consentimento, a nossa empresa poder\u00e1 utilizar as Informa\u00e7\u00f5es pessoais do cliente para lhe enviar correspond\u00eancia publicit\u00e1ria (incluindo e-mails e newsletters) relacionada com produtos da nossa empresa. N\u00e3o partilhamos Informa\u00e7\u00f5es pessoais com entidades externas para fins publicit\u00e1rios.<br><\/p>\n\n\n\n<p class=\"has-small-font-size\"><strong><em>VI. Pol\u00edtica relativa a crian\u00e7as<\/em><\/strong><br>Os nossos produtos n\u00e3o se destinam a indiv\u00edduos com menos de 16 anos de idade. Se detetarmos que fomos contactados por menores de 16 anos de idade, n\u00e3o concluiremos qualquer neg\u00f3cio e adotaremos, de imediato, as medidas necess\u00e1rias para eliminar as informa\u00e7\u00f5es fornecidas assim que poss\u00edvel.<\/p>\n\n\n\n<p class=\"has-small-font-size\"><strong><em>VII. Atualiza\u00e7\u00f5es \u00e0 Declara\u00e7\u00e3o de privacidade<\/em><\/strong><br>A presente Pol\u00edtica de privacidade poder\u00e1 ser alterada, \u00e0 medida que a nossa empresa expanda o leque de produtos comercializados e, bem assim, para dar resposta ao surgimento de novas tecnologias e garantir a conformidade com a Lei. O cliente ser\u00e1 informado da atualiza\u00e7\u00e3o e sempre que for imposto por lei, ser\u00e1 solicitado a presta\u00e7\u00e3o de consentimento, nos termos da lei.<\/p>\n\n\n\n<p class=\"has-small-font-size\"><strong><em>VIII. Per\u00edodo de conserva\u00e7\u00e3o de informa\u00e7\u00f5es pessoais<\/em><\/strong><br>As suas Informa\u00e7\u00f5es pessoais ser\u00e3o conservadas pelo per\u00edodo de tempo necess\u00e1rio para cumprir os objetivos para os quais as Informa\u00e7\u00f5es pessoais foram recolhidas, sem preju\u00edzo da conserva\u00e7\u00e3o por tempo superior para cumprimentos de obriga\u00e7\u00f5es legais.<\/p>\n\n\n\n<p class=\"has-small-font-size\"><strong><em>IX. Atualiza\u00e7\u00e3o das Informa\u00e7\u00f5es<\/em><\/strong><br>O cliente pode aceder, a qualquer momento, \u00e0s suas Informa\u00e7\u00f5es pessoais e solicitar a atualiza\u00e7\u00e3o das mesmas. De igual modo, pode solicitar que as mesmas sejam eliminadas ou at\u00e9 limitado o tratamento, diligenciando a nossa empresa por uma resposta pronta, nos termos da lei. Eventualmente, a nossa empresa poder\u00e1 recusar o processamento, nos casos previstos na lei, designadamente quando o pedido viole disposi\u00e7\u00f5es legais, seja impratic\u00e1vel ou afete o direito de privacidade de terceiros.<br>Os pedidos de acesso, corre\u00e7\u00e3o ou elimina\u00e7\u00e3o podem ser enviados atrav\u00e9s dos seguintes meios:<br>Morada:<br>PERSONALIDADE &#8211; Atelier Gr\u00e1fico, Lda.<br>A\/C Respons\u00e1vel pela Privacidade<br>Rua Nat\u00e1lia Correia, 221 &#8211; Z. Ind. Monte-Grande, 180<br>4505-326 FI\u00c3ES VFR (PORTUGAL)<br>Endere\u00e7o de correio eletr\u00f3nico: <a href=\"mailto:rgpd@personalidade.pt\" target=\"_blank\" rel=\"noreferrer noopener\">rgpd@personalidade.pt<\/a><br><\/p>\n\n\n\n<p class=\"has-small-font-size\"><strong><em>X. Inexist\u00eancia de decis\u00f5es automatizadas<\/em><\/strong><br>A nossa empresa n\u00e3o faz defini\u00e7\u00f5es de perfis, nem toma decis\u00f5es automatizadas.<br><\/p>\n\n\n\n<p class=\"has-small-font-size\"><strong><em>XI. Portabilidade dos dados<\/em><\/strong><br>Os clientes t\u00eam o direito de receber os dados que lhe digam respeito e, bem assim, pedir transfer\u00eancia para entidade terceira. Este direito apenas existe quando os dados tenham sido fornecidos com consentimento ou no \u00e2mbito de execu\u00e7\u00e3o de contrato e desde que n\u00e3o prejudique direitos de terceiros. Se o tratamento de dados pessoais em causa se revelar necess\u00e1rio para o cumprimento de uma obriga\u00e7\u00e3o jur\u00eddica \u00e0 qual a nossa empresa esteja sujeita e, para o exerc\u00edcio de atribui\u00e7\u00f5es de interesse p\u00fablico, o cliente, nos termos da lei, n\u00e3o poder\u00e1 exercer o seu direito \u00e0 portabilidade.<br><\/p>\n\n\n\n<p class=\"has-small-font-size\"><strong><em>XII. Direito de reclama\u00e7\u00e3o e recurso \u00e0 via judicial<\/em><\/strong><br>Os titulares dos direitos t\u00eam o direito de apresentar reclama\u00e7\u00e3o junto da autoridade de controlo, sem preju\u00edzo de poderem recorrer a outras vias administrativas ou judiciais, caso considerem que a nossa empresa ou outra pessoa ou entidade que trate os seus dados por conta da nossa empresa violaram algum dos seus direitos enquanto titular dos dados.<\/p>\n\n\n\n<p class=\"has-small-font-size\"><strong><em>XIII. A quem pode apresentar uma reclama\u00e7\u00e3o<\/em><\/strong><br>Tem o direito a apresentar uma queixa junto da autoridade de prote\u00e7\u00e3o de dados competente. Em Portugal, esta autoridade \u00e9 a Comiss\u00e3o Nacional de Prote\u00e7\u00e3o de Dados (\u201cCNPD\u201d).<br>Mais informa\u00e7\u00e3o sobre a CNPD poder\u00e1 ser obtida atrav\u00e9s do website <a href=\"http:\/\/www.cnpd.pt\" target=\"_blank\" rel=\"noreferrer noopener\">www.cnpd.pt<\/a><\/p>\n\n\n\n<p class=\"has-small-font-size\"><strong><em>XIV. Detalhes da empresa<\/em><\/strong><br>Este site \u00e9 gerido pela PERSONALIDADE &#8211; ATELIER GR\u00c1FICO, LDA.<br>NIF: 503892106<br>Morada: Rua Nat\u00e1lia Correia, 221 &#8211; 4505-326 FI\u00c3ES VFR, Portugal<\/p>\n\n\n\n<p class=\"has-small-font-size\"><strong><em>XV. Lit\u00edgio<\/em><\/strong><br>Em caso de lit\u00edgio, e ao abrigo do Dec. Lei 144\/2015, pode recorrer ao \u201cCICAP \u2013 Centro de Informa\u00e7\u00e3o de Consumo e Arbitragem do Porto, Rua Dami\u00e3o de G\u00f3is, 31 \u2013 Loja 6, 4050-225 Porto\u201d.<\/p>\n\n\n\n<p class=\"has-small-font-size\"><strong><em>XVI. Pol\u00edtica de Cookies<\/em><\/strong><br>Este Website recorre ao uso de cookies para proporcionar uma melhor utiliza\u00e7\u00e3o pelos seus visitantes, mais concretamente para ajudar a analisar como o utilizador e outros visitantes navegam no Website e para compilar estat\u00edsticas agregadas sobre a utiliza\u00e7\u00e3o do Website, bem como para assegurar que o mesmo se encontra em pleno funcionamento. A nossa empresa faz esta recolha com a ajuda de fornecedores de servi\u00e7os de an\u00e1lise externos.<br><strong><em>O que s\u00e3o e como funcionam os Cookies?<\/em><\/strong><br>Os cookies s\u00e3o ficheiros de texto reduzido que cont\u00eam quantidades de informa\u00e7\u00e3o reduzidas descarregadas para o computador ou outros dispositivos dos nossos utilizadores atrav\u00e9s de um servidor. O seu browser de internet posteriormente envia, em cada visita subsequente, estas cookies de volta para o Website, permitindo o reconhecimento e memoriza\u00e7\u00e3o da identidade dos nossos visitantes, designadamente as prefer\u00eancias de utiliza\u00e7\u00e3o dos nossos utilizadores.<br>Para as finalidades suprarreferidas, designadamente para forneceremos um servi\u00e7o mais eficiente aos nossos utilizadores (identificando e resolvendo problemas e para melhorar a sua experi\u00eancia global no nosso website), a nossa empresa, com a ajuda de servi\u00e7os externos, recolhe cookies.<br><strong><em>Quais os tipos de cookies utilizados e porqu\u00ea?<\/em><\/strong><br>Parte dos cookies a que recorremos s\u00e3o necess\u00e1rios para permitir a navega\u00e7\u00e3o neste Website e tirar partido das suas funcionalidades, tais como aceder a \u00e1reas seguras e conte\u00fados de acesso exclusivo para utilizadores registados.<br>O nosso Website tamb\u00e9m recorre ao uso de cookies funcionais para gravar informa\u00e7\u00e3o sobre as op\u00e7\u00f5es dos nossos utilizadores e permitir customizar o nosso Website \u00e0s necessidades dos mesmos.<br>Podemos utilizar, direta ou indiretamente, servi\u00e7os de webanalytics para aferir a efic\u00e1cia dos nossos conte\u00fados e as prefer\u00eancias dos nossos utilizadores que nos permitem contribuir para a otimiza\u00e7\u00e3o do funcionamento deste Website. Adicionalmente, recorremos aos web beacons ou tracking pixels para contabilizar o n\u00famero de visitantes e as cookies de desempenho para monitorizar a forma como os utilizadores, individualmente, acedem ao nosso Website e com que regularidade. Esta informa\u00e7\u00e3o \u00e9 usada apenas para efeitos estat\u00edsticos sem identifica\u00e7\u00e3o de qualquer utilizador em particular. No entanto, para utilizadores registados que estejam conectados ao Website poderemos proceder ao uso combinado desta informa\u00e7\u00e3o com os dados recolhidos via servi\u00e7os de webanalytics e a cookies para analisar a forma como os visitantes utilizam este Website em mais pormenor.<br>Este Website n\u00e3o recorre \u00e0 utiliza\u00e7\u00e3o de Targeting Cookies para promover publicidade direcionada aos nossos visitantes, mas podemos utilizar servi\u00e7os externos ao nosso, como o Google Analytics e\/ou Google Adwords para esse efeito.<br>Sempre que pretendam informa\u00e7\u00e3o detalhada sobre as cookies utilizadas no nosso Website agradecemos o vosso contacto para o seguinte email: rgpd@personalidade.pt<br><strong><em>Como controlar as Cookies?<\/em><\/strong><br>Os utilizadores do Website aceitam a introdu\u00e7\u00e3o das cookies nos seus computadores ou dispositivos nos termos acima indicados sem preju\u00edzo do controle e gest\u00e3o dispon\u00edveis. Informamos os utilizadores que a remo\u00e7\u00e3o ou bloqueio das cookies poder\u00e1 afetar a sua experi\u00eancia de utiliza\u00e7\u00e3o e poder\u00e1 limitar o acesso a algumas zonas espec\u00edficas do Website.<br>N\u00e3o obstante, caso pretenda que as suas informa\u00e7\u00f5es n\u00e3o sejam recolhidas pela utiliza\u00e7\u00e3o destas tecnologias, existe um procedimento simples na maioria dos navegadores que lhe permite impedir automaticamente muitas destas tecnologias, ou optar por as aceitar ou rejeitar. Al\u00e9m disso, se residir numa jurisdi\u00e7\u00e3o que nos obrigue a obter a sua autoriza\u00e7\u00e3o para utilizar cookies nos nossos websites, ter\u00e1 a oportunidade de gerir as suas prefer\u00eancias de cookies nos websites, exceto nos casos em que os cookies sejam necess\u00e1rios para ativar funcionalidades essenciais do website. Nesse caso, n\u00e3o pode desativar os cookies.<br>Controlos no browser<br>A grande maioria dos browsers permite aos nossos utilizadores visualizar as cookies alojadas e elimin\u00e1-las individualmente ou alternativamente bloquear as cookies num determinado website ou todos em geral. Lembramos que as prefer\u00eancias definidas, incluindo autoexclus\u00e3o, s\u00e3o perdidas sempre que as cookies sejam eliminadas.<br>Gest\u00e3o de Analytics Cookies<br>N\u00f3s usamos os seguintes prestadores de servi\u00e7os onde poder\u00e3o obter mais informa\u00e7\u00f5es sobre as pol\u00edticas de privacidade dos mesmos e como desativar as suas cookies clicando nos seguintes links:<br>Google Adwords: <a href=\"https:\/\/support.google.com\/ads\/answer\/2662922\" target=\"_blank\" rel=\"noreferrer noopener\">https:\/\/support.google.com\/ads\/answer\/2662922<\/a><br>Google Analytics: <a href=\"https:\/\/tools.google.com\/dlpage\/gaoptout\" target=\"_blank\" rel=\"noreferrer noopener\">https:\/\/tools.google.com\/dlpage\/gaoptout<\/a><br>Esta Pol\u00edtica de Cookies pode ser revista a qualquer momento, de acordo com o nosso crit\u00e9rio. Quando se fizerem tais altera\u00e7\u00f5es, a data de revis\u00e3o no topo da p\u00e1gina ser\u00e1 alterada. A Pol\u00edtica de cookies alterada entrar\u00e1 em vigor a partir da data de revis\u00e3o. Recomendamos aos utilizadores do nosso website que revejam as Pol\u00edticas de cookies periodicamente, com o prop\u00f3sito de ficarem informados sobre a nossa gest\u00e3o das cookies.<\/p>\n\n\n\n<p style=\"font-size:10px\"><strong><em>\u00daltima atualiza\u00e7\u00e3o: 28 de maio de 2020<\/em><\/strong><\/p>\n<\/div><\/div>\n<\/div><\/div>\n","protected":false},"excerpt":{"rendered":"<p>A PERSONALIDADE &#8211; ATELIER GR\u00c1FICO, LDA. RESPEITA A SUA PRIVACIDADE. OS DADOS QUE FORNECER ENQUANTO UTILIZADOR DESTE SITE (www.personalidade.pt), EST\u00c3O PROTEGIDOS DE ACORDO COM A LEGISLA\u00c7\u00c3O DE PROTE\u00c7\u00c3O DE DADOS. Esta Pol\u00edtica de Privacidade destina-se a ajuda-lo a perceber quais os dados que recolhemos e para que finalidade os utilizamos. [&hellip;]<\/p>\n","protected":false},"author":1,"featured_media":0,"parent":0,"menu_order":0,"comment_status":"closed","ping_status":"closed","template":"","meta":{"footnotes":""},"class_list":["post-138","page","type-page","status-publish","hentry"],"_links":{"self":[{"href":"https:\/\/personalidade.pt\/wp\/wp-json\/wp\/v2\/pages\/138","targetHints":{"allow":["GET"]}}],"collection":[{"href":"https:\/\/personalidade.pt\/wp\/wp-json\/wp\/v2\/pages"}],"about":[{"href":"https:\/\/personalidade.pt\/wp\/wp-json\/wp\/v2\/types\/page"}],"author":[{"embeddable":true,"href":"https:\/\/personalidade.pt\/wp\/wp-json\/wp\/v2\/users\/1"}],"replies":[{"embeddable":true,"href":"https:\/\/personalidade.pt\/wp\/wp-json\/wp\/v2\/comments?post=138"}],"version-history":[{"count":3,"href":"https:\/\/personalidade.pt\/wp\/wp-json\/wp\/v2\/pages\/138\/revisions"}],"predecessor-version":[{"id":141,"href":"https:\/\/personalidade.pt\/wp\/wp-json\/wp\/v2\/pages\/138\/revisions\/141"}],"wp:attachment":[{"href":"https:\/\/personalidade.pt\/wp\/wp-json\/wp\/v2\/media?parent=138"}],"curies":[{"name":"wp","href":"https:\/\/api.w.org\/{rel}","templated":true}]}}